{"id":8976,"date":"2023-05-25T14:43:40","date_gmt":"2023-05-25T12:43:40","guid":{"rendered":"https:\/\/www.kurago.software\/information-security-policy\/"},"modified":"2025-02-27T13:54:26","modified_gmt":"2025-02-27T12:54:26","slug":"politica-de-seguridad-de-la-informacion-y-cn","status":"publish","type":"page","link":"https:\/\/kurago.software\/es\/politica-de-seguridad-de-la-informacion-y-cn\/","title":{"rendered":"Pol\u00edtica de Seguridad de la Informaci\u00f3n y Continuidad del Negocio"},"content":{"rendered":"<style>.kb-row-layout-id8976_3deb35-5d > .kt-row-column-wrap{align-content:start;}:where(.kb-row-layout-id8976_3deb35-5d > .kt-row-column-wrap) > .wp-block-kadence-column{justify-content:start;}.kb-row-layout-id8976_3deb35-5d > .kt-row-column-wrap{column-gap:var(--global-kb-gap-md, 2rem);row-gap:var(--global-kb-gap-md, 2rem);max-width:960px;margin-left:auto;margin-right:auto;padding-top:50px;padding-right:15px;padding-bottom:100px;padding-left:15px;grid-template-columns:minmax(0, 1fr);}.kb-row-layout-id8976_3deb35-5d{background-image:url('https:\/\/bysoft.kurago.software\/wp-content\/uploads\/2021\/07\/bg-legal.png');background-size:auto;background-position:0% 100%;background-attachment:scroll;background-repeat:no-repeat;}.kb-row-layout-id8976_3deb35-5d > .kt-row-layout-overlay{opacity:0.30;background-image:url('https:\/\/bysoft.kurago.software\/wp-content\/uploads\/2021\/07\/bg-legal-top.png');background-size:auto;background-position:100% 0%;background-attachment:scroll;background-repeat:no-repeat;}@media all and (max-width: 1024px){.kb-row-layout-id8976_3deb35-5d > .kt-row-column-wrap{grid-template-columns:minmax(0, 1fr);}}@media all and (max-width: 767px){.kb-row-layout-id8976_3deb35-5d > .kt-row-column-wrap{grid-template-columns:minmax(0, 1fr);}}<\/style><section class=\"kb-row-layout-wrap kb-row-layout-id8976_3deb35-5d alignnone kt-row-has-bg wp-block-kadence-rowlayout\"><div class=\"kt-row-layout-overlay kt-row-overlay-normal\"><\/div><div class=\"kt-row-column-wrap kt-has-1-columns kt-row-layout-equal kt-tab-layout-inherit kt-mobile-layout-row kt-row-valign-top\">\n<style>.kadence-column8976_cb0790-69 > .kt-inside-inner-col,.kadence-column8976_cb0790-69 > .kt-inside-inner-col:before{border-top-left-radius:0px;border-top-right-radius:0px;border-bottom-right-radius:0px;border-bottom-left-radius:0px;}.kadence-column8976_cb0790-69 > .kt-inside-inner-col:before{opacity:0.3;}.kadence-column8976_cb0790-69{position:relative;}<\/style>\n<div class=\"wp-block-kadence-column kadence-column8976_cb0790-69 inner-column-1\" data-aos=\"fade-up\" data-aos-duration=\"500\" data-aos-easing=\"ease-in\" data-aos-once=\"true\"><div class=\"kt-inside-inner-col\">\n<h1 class=\"wp-block-heading\" id=\"politica-de-seguridad-de-la-informacion-y-continuidad-del-negocio\">Pol\u00edtica de Seguridad de la Informaci\u00f3n y Continuidad del Negocio<\/h1>\n\n\n<style>.wp-block-kadence-image.kb-image8976_178d54-e2:not(.kb-specificity-added):not(.kb-extra-specificity-added){margin-top:20px;margin-bottom:20px;}.kb-image8976_178d54-e2 .kb-image-has-overlay:after{opacity:0.3;}<\/style>\n<figure class=\"wp-block-kadence-image kb-image8976_178d54-e2 size-large image-is-svg\"><img loading=\"lazy\" decoding=\"async\" width=\"65\" height=\"2\" src=\"https:\/\/www.kurago.software\/wp-content\/uploads\/2023\/05\/separador.svg\" alt=\"\" class=\"kb-img wp-image-7589\"\/><\/figure>\n\n\n\n<h3 class=\"wp-block-heading\" id=\"introduccion\">Introducci\u00f3n<\/h3>\n\n\n\n<p>La Pol\u00edtica de Seguridad de la Informaci\u00f3n y Continuidad de Negocio de la organizaci\u00f3n refleja los conceptos, principios, responsabilidades y objetivos en materia de seguridad, cuyos resultados permiten a la empresa garantizar la necesaria libertad de actuaci\u00f3n. Kurago Software es un centro de excelencia en el sector de corte de chapa, con vocaci\u00f3n de ser un referente en ingenier\u00eda de software. Cubrimos todo el ciclo de vida del producto, desde la ideaci\u00f3n hasta la implementaci\u00f3n de soluciones personalizadas, incluyendo su mantenimiento y actualizaci\u00f3n. Desarrollamos sistemas que proporcionan agilidad y aceleran la producci\u00f3n industrial.<\/p>\n\n\n\n<p>El objetivo de esta pol\u00edtica es proteger a las personas que trabajan en la empresa, garantizar la confidencialidad de sus comunicaciones, la integridad de la informaci\u00f3n y la disponibilidad de los sistemas. Asimismo, salvaguarda los dem\u00e1s activos que conforman el patrimonio de la organizaci\u00f3n, como las instalaciones y los distintos contenidos, asegurando la continuidad de nuestras actividades para los clientes.<\/p>\n\n\n\n<p>La Seguridad Integral abarca tanto los conceptos tradicionales de seguridad f\u00edsica como de seguridad l\u00f3gica (tecnol\u00f3gica), con el fin de garantizar la continuidad del negocio ante cualquier circunstancia adversa.<\/p>\n\n\n\n<p>Kurago Software promueve una \u201ccultura de seguridad\u201d entre su personal, aportando beneficios tangibles al incrementar la protecci\u00f3n de los sistemas y procedimientos, minimizando as\u00ed el riesgo de posibles acciones malintencionadas.<\/p>\n\n\n\n<p>Es fundamental que toda la informaci\u00f3n relativa a cuestiones de seguridad fluya a trav\u00e9s de los canales adecuados hacia los \u00f3rganos de toma de decisiones de la empresa.<\/p>\n\n\n\n<h3 class=\"wp-block-heading\" id=\"principios-rectores\">Principios Rectores<\/h3>\n\n\n\n<ul>\n<li><strong>Adequacy<\/strong>. The means employed must be adapted to the business environment. Among other factors, competition with other companies, social, political and economic upheavals, amateur or professional hacking, etc. stand out for their impact on the business and on the organization\u2019s security levels.<\/li>\n\n\n\n<li><strong>Integraci\u00f3n<\/strong>. La Seguridad Global es un proceso integrado y alineado con el negocio, en el que participa toda la empresa.<\/li>\n\n\n\n<li><strong>Rentabilidad<\/strong>. La seguridad se gestiona bajo criterios empresariales, considerando la relaci\u00f3n entre coste e inversi\u00f3n. Sus criterios son establecidos de manera centralizada, aprovechando sinergias existentes. Esta gesti\u00f3n permite reducir costes y mejorar el retorno del esfuerzo aplicado a la seguridad.<\/li>\n\n\n\n<li><strong>Continuidad del Negocio<\/strong>. La seguridad debe estar presente en todo el ciclo de trabajo: protecci\u00f3n, prevenci\u00f3n, detecci\u00f3n, respuesta y recuperaci\u00f3n.<\/li>\n\n\n\n<li><strong>Adecuaci\u00f3n<\/strong>. Los medios empleados deben adaptarse al entorno empresarial. Entre otros factores, destacan la competencia, los cambios sociales, pol\u00edticos y econ\u00f3micos, as\u00ed como las amenazas de hacking, ya sea amateur o profesional, por su impacto en el negocio y en los niveles de seguridad de la organizaci\u00f3n.<\/li>\n<\/ul>\n\n\n\n<h3 class=\"wp-block-heading\" id=\"objetivos\">Objetivos<\/h3>\n\n\n\n<ul>\n<li>Alcanzar y mantener el nivel de seguridad necesario para garantizar adecuadamente la continuidad del negocio, incluso en situaciones adversas.<\/li>\n\n\n\n<li>Incrementar la integraci\u00f3n y el apoyo mutuo entre los aspectos f\u00edsicos y l\u00f3gicos de la seguridad.<\/li>\n\n\n\n<li>Colaborar en la gesti\u00f3n de otras disciplinas de seguridad, incluyendo la seguridad laboral y ambiental, en l\u00ednea con los criterios que refuercen la Responsabilidad Social Corporativa.<\/li>\n\n\n\n<li>Establecer la estructura de seguridad corporativa definida por los \u00f3rganos de toma de decisiones y crear canales de comunicaci\u00f3n adecuados entre todas las partes implicadas.<\/li>\n\n\n\n<li>Cumplir con la normativa oficial en materia de seguridad y con otros requisitos aplicables.<\/li>\n\n\n\n<li>Implementar y desarrollar Planes de Formaci\u00f3n y Sensibilizaci\u00f3n en Seguridad para mejorar la capacitaci\u00f3n del personal.<\/li>\n\n\n\n<li>Expresar el compromiso con la mejora continua.<\/li>\n\n\n\n<li>Integrar los distintos departamentos de la empresa en un sistema de gesti\u00f3n de seguridad que, bajo criterios comunes, optimice recursos y acciones mediante sinergias.<\/li>\n\n\n\n<li>Garantizar que todo el personal de la organizaci\u00f3n conozca y aplique la normativa derivada de esta Pol\u00edtica de Seguridad.<\/li>\n\n\n\n<li>Asegurar la disponibilidad de nuestros servicios.<\/li>\n<\/ul>\n\n\n\n<h3 class=\"wp-block-heading\" id=\"no-conformidad\">No Conformidad<\/h3>\n\n\n\n<p>El incumplimiento de cualquiera de los l\u00edmites definidos en esta Pol\u00edtica podr\u00e1 conllevar repercusiones econ\u00f3micas para el empleado o la aplicaci\u00f3n de sanciones disciplinarias, seg\u00fan corresponda.<\/p>\n<\/div><\/div>\n\n<\/div><\/section>","protected":false},"excerpt":{"rendered":"<p>Pol\u00edtica de Seguridad de la Informaci\u00f3n y Continuidad del Negocio Introducci\u00f3n La Pol\u00edtica de Seguridad de la Informaci\u00f3n y Continuidad de Negocio de la organizaci\u00f3n refleja los conceptos, principios, responsabilidades y objetivos en materia de seguridad, cuyos resultados permiten a la empresa garantizar la necesaria libertad de actuaci\u00f3n. Kurago Software es un centro de excelencia&#8230;<\/p>\n","protected":false},"author":1,"featured_media":0,"parent":0,"menu_order":0,"comment_status":"open","ping_status":"open","template":"","meta":{"_eb_attr":"","_gspb_post_css":"","_kad_blocks_custom_css":"","_kad_blocks_head_custom_js":"","_kad_blocks_body_custom_js":"","_kad_blocks_footer_custom_js":"","_kad_post_transparent":"","_kad_post_title":"","_kad_post_layout":"","_kad_post_sidebar_id":"","_kad_post_content_style":"","_kad_post_vertical_padding":"","_kad_post_feature":"","_kad_post_feature_position":"","_kad_post_header":false,"_kad_post_footer":false,"footnotes":""},"taxonomy_info":[],"featured_image_src_large":false,"author_info":{"display_name":"Kurago","author_link":"https:\/\/kurago.software\/es\/blog\/author\/admin-miguel\/"},"comment_info":0,"_links":{"self":[{"href":"https:\/\/kurago.software\/es\/wp-json\/wp\/v2\/pages\/8976"}],"collection":[{"href":"https:\/\/kurago.software\/es\/wp-json\/wp\/v2\/pages"}],"about":[{"href":"https:\/\/kurago.software\/es\/wp-json\/wp\/v2\/types\/page"}],"author":[{"embeddable":true,"href":"https:\/\/kurago.software\/es\/wp-json\/wp\/v2\/users\/1"}],"replies":[{"embeddable":true,"href":"https:\/\/kurago.software\/es\/wp-json\/wp\/v2\/comments?post=8976"}],"version-history":[{"count":5,"href":"https:\/\/kurago.software\/es\/wp-json\/wp\/v2\/pages\/8976\/revisions"}],"predecessor-version":[{"id":17522,"href":"https:\/\/kurago.software\/es\/wp-json\/wp\/v2\/pages\/8976\/revisions\/17522"}],"wp:attachment":[{"href":"https:\/\/kurago.software\/es\/wp-json\/wp\/v2\/media?parent=8976"}],"curies":[{"name":"wp","href":"https:\/\/api.w.org\/{rel}","templated":true}]}}