{"id":9012,"date":"2023-05-25T14:43:39","date_gmt":"2023-05-25T12:43:39","guid":{"rendered":"https:\/\/www.kurago.software\/privacy-policy\/"},"modified":"2023-09-26T14:46:14","modified_gmt":"2023-09-26T12:46:14","slug":"politica-de-privacidad","status":"publish","type":"page","link":"https:\/\/kurago.software\/es\/politica-de-privacidad\/","title":{"rendered":"Pol\u00edtica de Privacidad"},"content":{"rendered":"<style>.kb-row-layout-id9012_8e9cc6-5d > .kt-row-column-wrap{align-content:start;}:where(.kb-row-layout-id9012_8e9cc6-5d > .kt-row-column-wrap) > .wp-block-kadence-column{justify-content:start;}.kb-row-layout-id9012_8e9cc6-5d > .kt-row-column-wrap{column-gap:var(--global-kb-gap-md, 2rem);row-gap:var(--global-kb-gap-md, 2rem);max-width:960px;margin-left:auto;margin-right:auto;padding-top:50px;padding-right:15px;padding-bottom:100px;padding-left:15px;grid-template-columns:minmax(0, 1fr);}.kb-row-layout-id9012_8e9cc6-5d{background-image:url('https:\/\/bysoft.kurago.software\/wp-content\/uploads\/2021\/07\/bg-legal.png');background-size:auto;background-position:0% 100%;background-attachment:scroll;background-repeat:no-repeat;}.kb-row-layout-id9012_8e9cc6-5d > .kt-row-layout-overlay{opacity:0.30;background-image:url('https:\/\/bysoft.kurago.software\/wp-content\/uploads\/2021\/07\/bg-legal-top.png');background-size:auto;background-position:100% 0%;background-attachment:scroll;background-repeat:no-repeat;}@media all and (max-width: 1024px){.kb-row-layout-id9012_8e9cc6-5d > .kt-row-column-wrap{grid-template-columns:minmax(0, 1fr);}}@media all and (max-width: 767px){.kb-row-layout-id9012_8e9cc6-5d > .kt-row-column-wrap{grid-template-columns:minmax(0, 1fr);}}<\/style><section class=\"kb-row-layout-wrap kb-row-layout-id9012_8e9cc6-5d alignnone kt-row-has-bg wp-block-kadence-rowlayout\"><div class=\"kt-row-layout-overlay kt-row-overlay-normal\"><\/div><div class=\"kt-row-column-wrap kt-has-1-columns kt-row-layout-equal kt-tab-layout-inherit kt-mobile-layout-row kt-row-valign-top\">\n<style>.kadence-column9012_d5b40e-81 > .kt-inside-inner-col,.kadence-column9012_d5b40e-81 > .kt-inside-inner-col:before{border-top-left-radius:0px;border-top-right-radius:0px;border-bottom-right-radius:0px;border-bottom-left-radius:0px;}.kadence-column9012_d5b40e-81 > .kt-inside-inner-col:before{opacity:0.3;}.kadence-column9012_d5b40e-81{position:relative;}<\/style>\n<div class=\"wp-block-kadence-column kadence-column9012_d5b40e-81 inner-column-1\" data-aos=\"fade-up\" data-aos-duration=\"500\" data-aos-easing=\"ease-in\" data-aos-once=\"true\"><div class=\"kt-inside-inner-col\">\n<h1 class=\"wp-block-heading\" id=\"politica-de-privacidad\">Pol\u00edtica de Privacidad<\/h1>\n\n\n<style>.wp-block-kadence-image.kb-image9012_2b7ba5-b7:not(.kb-specificity-added):not(.kb-extra-specificity-added){margin-top:20px;margin-bottom:20px;}.kb-image9012_2b7ba5-b7 .kb-image-has-overlay:after{opacity:0.3;}<\/style>\n<figure class=\"wp-block-kadence-image kb-image9012_2b7ba5-b7 size-large image-is-svg\"><img loading=\"lazy\" decoding=\"async\" width=\"65\" height=\"2\" src=\"https:\/\/www.kurago.software\/wp-content\/uploads\/2023\/05\/separador.svg\" alt=\"\" class=\"kb-img wp-image-7589\"\/><\/figure>\n\n\n\n<p>KURAGO respeta su privacidad. Esta Pol\u00edtica de Privacidad sus derechos de privacidad y nuestro compromiso de salvaguardar sus datos personales.<\/p>\n\n\n\n<p>KURAGO es una empresa vasca, con entidades legales, procesos de negocio, estructuras de gesti\u00f3n y sistemas t\u00e9cnicos que cruzan las fronteras. Kurago suministra software y servicios a empresas privadas y p\u00fablicas (Clientes) de todo el mundo. La sede central de KURAGO se encuentra en Bilbao y la empresa est\u00e1 sujeta a la legislaci\u00f3n europea sobre privacidad, incluyendo el&nbsp;<a href=\"https:\/\/ec.europa.eu\/justice\/data-protection\/reform\/files\/regulation_oj_en.pdf\" target=\"_blank\" rel=\"noreferrer noopener nofollow\">Reglamento General de Protecci\u00f3n de Datos (GDPR)<\/a>.<\/p>\n\n\n\n<p>Todas las decisiones importantes relativas a la privacidad en Kurago se toman a nivel corporativo supervisadas por el Jefe de TI\/SI.<\/p>\n\n\n\n<p>Esta Declaraci\u00f3n de Privacidad est\u00e1 disponible en nuestra p\u00e1gina de inicio de Kurago.software y en la parte inferior de cada p\u00e1gina web de KURAGO.<\/p>\n\n\n\n<h2 class=\"wp-block-heading\" id=\"responsabilidad\">Responsabilidad<\/h2>\n\n\n\n<p>KURAGO, con domicilio en ALAMEDA URQUIJO 4, 1-1 | 48008 BILBAO (ESPA\u00d1A) es responsable del correcto tratamiento de sus datos. Puede consultar sobre su tratamiento de datos en el siguiente correo electr\u00f3nico&nbsp;<a href=\"mailto:branding@kurago.software\" target=\"_blank\" rel=\"noreferrer noopener\">branding@kurago.software<\/a><\/p>\n\n\n\n<h2 class=\"wp-block-heading\" id=\"finalidad\">Finalidad<\/h2>\n\n\n\n<p>En KURAGO tratamos la informaci\u00f3n proporcionada por los visitantes con la finalidad de:<\/p>\n\n\n\n<ul>\n<li>\u2013 Cumplir con las prestaciones y servicios que ofrecemos a los clientes y socios<\/li>\n\n\n\n<li>\u2013 Procesar y gestionar las solicitudes realizadas relacionadas con los productos y servicios<\/li>\n<\/ul>\n\n\n\n<p>Los datos personales facilitados se conservar\u00e1n mientras se mantenga la relaci\u00f3n contractual, y no se solicite su supresi\u00f3n por el citado visitante.<\/p>\n\n\n\n<p>Hay datos que por su naturaleza, debemos conservar aunque su consentimiento sea retirado por la existencia de una obligaci\u00f3n legal.<\/p>\n\n\n\n<h2 class=\"wp-block-heading\" id=\"legitimacion\">Legitimaci\u00f3n<\/h2>\n\n\n\n<p>El uso de los datos que nos has proporcionado mediante el consentimiento es necesario para la correcta gesti\u00f3n de las relaciones con los Clientes \/ Socios y para poder cumplir con las obligaciones legales.<\/p>\n\n\n\n<p>En cualquier momento, usted puede manifestar su oposici\u00f3n al uso de sus datos y, por tanto, renunciar a cualquier tipo de gesti\u00f3n de los mismos, bloqueando sus datos por el tiempo legalmente estipulado. Le informamos que la falta de consentimiento puede suponer la imposibilidad de prestar los servicios.<\/p>\n\n\n\n<h2 class=\"wp-block-heading\" id=\"destinatarios\">Destinatarios<\/h2>\n\n\n\n<p>Inicialmente no se ceder\u00e1n datos, salvo por obligaci\u00f3n legal.<\/p>\n\n\n\n<p>No obstante, sus datos podr\u00e1n ser compartidos con profesionales y\/o proveedores de Kurago con el \u00fanico fin de cumplir con el contrato o para proveedores de servicios, como consultores, servicios inform\u00e1ticos, servicios de almacenamiento en la nube, etc.<\/p>\n\n\n\n<h2 class=\"wp-block-heading\" id=\"derechos\">Derechos<\/h2>\n\n\n\n<p>Los derechos que los visitantes pueden ejercer son:<\/p>\n\n\n\n<ul>\n<li>\u2013 Acceso \u2013 Puede consultar sus datos personales tratados por KURAGO.<\/li>\n\n\n\n<li>\u2013 Rectificaci\u00f3n \u2013 Puede modificar sus datos personales cuando sean incorrectos.<\/li>\n\n\n\n<li>\u2013 Eliminaci\u00f3n \u2013 Usted puede solicitar la eliminaci\u00f3n de sus datos personales.<\/li>\n\n\n\n<li><\/li>\n\n\n\n<li>\u2013 Oposici\u00f3n \u2013 Puede solicitar que no se traten algunos de sus datos personales.<\/li>\n\n\n\n<li><\/li>\n\n\n\n<li>\u2013 Limitaci\u00f3n de uso \u2013 Puede solicitar la limitaci\u00f3n del uso de sus datos personales en determinadas circunstancias.<\/li>\n\n\n\n<li><\/li>\n\n\n\n<li>\u2013 Portabilidad \u2013 Usted puede recibir los datos personales que nos haya proporcionado o que hayamos obtenido en nuestra relaci\u00f3n contractual, as\u00ed como cedidos a otra Empresa.<\/li>\n<\/ul>\n\n\n\n<p>Se informa a los visitantes de que tienen derecho a revocar el consentimiento en cualquier momento sin que ello afecte a la licitud del uso basado en el consentimiento previo a su retirada.<\/p>\n\n\n\n<p>Tambi\u00e9n se informa a los interesados de que pueden presentar una reclamaci\u00f3n ante la Autoridad de Control de Protecci\u00f3n de Datos competente, especialmente cuando no hayan quedado satisfechos con el ejercicio de sus derechos.<\/p>\n\n\n\n<p>Todos sus derechos pueden ser solicitados indicando su nombre y envi\u00e1ndonos una fotocopia de su identificaci\u00f3n con la solicitud.<\/p>\n\n\n\n<p>En cualquier momento puede ejercer sus derechos envi\u00e1ndonos un correo electr\u00f3nico a&nbsp;<a href=\"mailto:branding@kurago.software\" target=\"_blank\" rel=\"noreferrer noopener\">branding@kurago.software<\/a><\/p>\n<\/div><\/div>\n\n<\/div><\/section>","protected":false},"excerpt":{"rendered":"<p>Pol\u00edtica de Privacidad KURAGO respeta su privacidad. Esta Pol\u00edtica de Privacidad sus derechos de privacidad y nuestro compromiso de salvaguardar sus datos personales. KURAGO es una empresa vasca, con entidades legales, procesos de negocio, estructuras de gesti\u00f3n y sistemas t\u00e9cnicos que cruzan las fronteras. Kurago suministra software y servicios a empresas privadas y p\u00fablicas (Clientes)&#8230;<\/p>\n","protected":false},"author":1,"featured_media":0,"parent":0,"menu_order":0,"comment_status":"open","ping_status":"open","template":"","meta":{"_eb_attr":"","_gspb_post_css":"","_kad_blocks_custom_css":"","_kad_blocks_head_custom_js":"","_kad_blocks_body_custom_js":"","_kad_blocks_footer_custom_js":"","_kad_post_transparent":"","_kad_post_title":"","_kad_post_layout":"","_kad_post_sidebar_id":"","_kad_post_content_style":"","_kad_post_vertical_padding":"","_kad_post_feature":"","_kad_post_feature_position":"","_kad_post_header":false,"_kad_post_footer":false,"footnotes":""},"taxonomy_info":[],"featured_image_src_large":false,"author_info":{"display_name":"Kurago","author_link":"https:\/\/kurago.software\/es\/blog\/author\/admin-miguel\/"},"comment_info":0,"_links":{"self":[{"href":"https:\/\/kurago.software\/es\/wp-json\/wp\/v2\/pages\/9012"}],"collection":[{"href":"https:\/\/kurago.software\/es\/wp-json\/wp\/v2\/pages"}],"about":[{"href":"https:\/\/kurago.software\/es\/wp-json\/wp\/v2\/types\/page"}],"author":[{"embeddable":true,"href":"https:\/\/kurago.software\/es\/wp-json\/wp\/v2\/users\/1"}],"replies":[{"embeddable":true,"href":"https:\/\/kurago.software\/es\/wp-json\/wp\/v2\/comments?post=9012"}],"version-history":[{"count":0,"href":"https:\/\/kurago.software\/es\/wp-json\/wp\/v2\/pages\/9012\/revisions"}],"wp:attachment":[{"href":"https:\/\/kurago.software\/es\/wp-json\/wp\/v2\/media?parent=9012"}],"curies":[{"name":"wp","href":"https:\/\/api.w.org\/{rel}","templated":true}]}}