{"id":9015,"date":"2023-05-25T14:43:39","date_gmt":"2023-05-25T12:43:39","guid":{"rendered":"https:\/\/www.kurago.software\/legal-notice\/"},"modified":"2023-09-26T14:45:21","modified_gmt":"2023-09-26T12:45:21","slug":"nota-legal","status":"publish","type":"page","link":"https:\/\/kurago.software\/es\/nota-legal\/","title":{"rendered":"Nota Legal"},"content":{"rendered":"<style>.kb-row-layout-id9015_a57b95-2d > .kt-row-column-wrap{align-content:start;}:where(.kb-row-layout-id9015_a57b95-2d > .kt-row-column-wrap) > .wp-block-kadence-column{justify-content:start;}.kb-row-layout-id9015_a57b95-2d > .kt-row-column-wrap{column-gap:var(--global-kb-gap-md, 2rem);row-gap:var(--global-kb-gap-md, 2rem);max-width:960px;margin-left:auto;margin-right:auto;padding-top:50px;padding-right:15px;padding-bottom:100px;padding-left:15px;grid-template-columns:minmax(0, 1fr);}.kb-row-layout-id9015_a57b95-2d{background-image:url('https:\/\/bysoft.kurago.software\/wp-content\/uploads\/2021\/07\/bg-legal.png');background-size:auto;background-position:0% 100%;background-attachment:scroll;background-repeat:no-repeat;}.kb-row-layout-id9015_a57b95-2d > .kt-row-layout-overlay{opacity:0.30;background-image:url('https:\/\/bysoft.kurago.software\/wp-content\/uploads\/2021\/07\/bg-legal-top.png');background-size:auto;background-position:100% 0%;background-attachment:scroll;background-repeat:no-repeat;}@media all and (max-width: 1024px){.kb-row-layout-id9015_a57b95-2d > .kt-row-column-wrap{grid-template-columns:minmax(0, 1fr);}}@media all and (max-width: 767px){.kb-row-layout-id9015_a57b95-2d > .kt-row-column-wrap{grid-template-columns:minmax(0, 1fr);}}<\/style><section class=\"kb-row-layout-wrap kb-row-layout-id9015_a57b95-2d alignnone kt-row-has-bg wp-block-kadence-rowlayout\"><div class=\"kt-row-layout-overlay kt-row-overlay-normal\"><\/div><div class=\"kt-row-column-wrap kt-has-1-columns kt-row-layout-equal kt-tab-layout-inherit kt-mobile-layout-row kt-row-valign-top\">\n<style>.kadence-column9015_2f844a-73 > .kt-inside-inner-col,.kadence-column9015_2f844a-73 > .kt-inside-inner-col:before{border-top-left-radius:0px;border-top-right-radius:0px;border-bottom-right-radius:0px;border-bottom-left-radius:0px;}.kadence-column9015_2f844a-73 > .kt-inside-inner-col:before{opacity:0.3;}.kadence-column9015_2f844a-73{position:relative;}<\/style>\n<div class=\"wp-block-kadence-column kadence-column9015_2f844a-73 inner-column-1\" data-aos=\"fade-up\" data-aos-duration=\"500\" data-aos-easing=\"ease-in\" data-aos-once=\"true\"><div class=\"kt-inside-inner-col\">\n<h1 class=\"wp-block-heading\" id=\"nota-legal\">Nota Legal<\/h1>\n\n\n<style>.wp-block-kadence-image.kb-image9015_294b2b-0b:not(.kb-specificity-added):not(.kb-extra-specificity-added){margin-top:20px;margin-bottom:20px;}.kb-image9015_294b2b-0b .kb-image-has-overlay:after{opacity:0.3;}<\/style>\n<figure class=\"wp-block-kadence-image kb-image9015_294b2b-0b size-large image-is-svg\"><img loading=\"lazy\" decoding=\"async\" width=\"65\" height=\"2\" src=\"https:\/\/www.kurago.software\/wp-content\/uploads\/2023\/05\/separador.svg\" alt=\"\" class=\"kb-img wp-image-7589\"\/><\/figure>\n\n\n\n<h2 class=\"wp-block-heading\" id=\"propiedad\">Propiedad<\/h2>\n\n\n\n<p>Este sitio web es propiedad de Kurago Software, S.L. (KURAGO).<\/p>\n\n\n\n<p>\u2013 Inscrita en el Registro Mercantil de Bizkaia, al Tomo 5876, Folio 189, Hoja B1-74045.<br>\u2013 N\u00famero de identificaci\u00f3n fiscal (NIF) B95970786.<br>\u2013 Domicilio social: Alameda Urquijo 4, 1-1 | 48008 BILBAO (ESPA\u00d1A)<br>\u2013 Direcci\u00f3n de correo electr\u00f3nico: info@kurago.software<br>\u2013 Tel\u00e9fono: +34 94 60 50 400<\/p>\n\n\n\n<h2 class=\"wp-block-heading\" id=\"aceptacion\">Aceptaci\u00f3n<\/h2>\n\n\n\n<p>La utilizaci\u00f3n de este sitio web atribuye a quien lo utiliza la condici\u00f3n de usuario e implica la aceptaci\u00f3n de todas las condiciones incluidas en este Aviso Legal. El usuario debe leer estas condiciones cada vez que acceda a este sitio web, ya que pueden ser modificadas en lo sucesivo. Algunos aspectos de este sitio web, por su especialidad, pueden estar sujetos a condiciones o normas espec\u00edficas que pueden sustituir, completar o modificar el presente Aviso Legal, por lo que tambi\u00e9n deber\u00e1n ser aceptadas por el usuario que los utilice o acceda a ellos.<\/p>\n\n\n\n<h2 class=\"wp-block-heading\" id=\"contenidos\">Contenidos<\/h2>\n\n\n\n<p>Todos los contenidos de este sitio web (textos, fotograf\u00edas, gr\u00e1ficos, im\u00e1genes, tecnolog\u00eda, software, enlaces, audiovisuales o sonoros, dise\u00f1o gr\u00e1fico, c\u00f3digo fuente, etc.), as\u00ed como las marcas y dem\u00e1s signos distintivos son propiedad de KURAGO o de terceros, sin que el usuario adquiera derecho alguno sobre ellos por la utilizaci\u00f3n de este sitio web.<\/p>\n\n\n\n<p>El usuario debe evitar:<\/p>\n\n\n\n<p>1. reproducir, copiar, distribuir, poner a disposici\u00f3n de terceros, comunicar p\u00fablicamente, transformar o modificar los contenidos de este sitio web, salvo en los casos contemplados en la ley, o expresamente autorizados por KURAGO, o por el titular de dichos derechos;<br>2. reproducir o copiar para uso privado los programas inform\u00e1ticos, im\u00e1genes, v\u00eddeos o bases de datos existentes en este sitio web, as\u00ed como comunicarlos p\u00fablicamente o ponerlos a disposici\u00f3n de terceros cuando ello suponga su reproducci\u00f3n;<br>3. extraer o reutilizar los contenidos de este sitio web.<\/p>\n\n\n\n<h2 class=\"wp-block-heading\" id=\"referencia\">Referencia<\/h2>\n\n\n\n<p>El Usuario que quiera introducir enlaces a este sitio web desde sus propias p\u00e1ginas web deber\u00e1 cumplir las siguientes condiciones<\/p>\n\n\n\n<p>1. el enlace remitir\u00e1 a una p\u00e1gina de este sitio web utilizando \u00fanicamente el dominio https:\/\/www.kurago.software y no cualquier otra variante;<br>2. la p\u00e1gina web referida no podr\u00e1 reproducirla de ninguna manera;<br>3. No podr\u00e1n establecerse marcos de ning\u00fan tipo que envuelvan a la p\u00e1gina web o permitan su visualizaci\u00f3n a trav\u00e9s de direcciones de Internet distintas o conjuntamente con contenidos ajenos a esta web, de forma que se genere o pueda generar error o confusi\u00f3n en los usuarios sobre la procedencia del servicio o sus contenidos, suponga un acto de comparaci\u00f3n o imitaci\u00f3n desleal, sirva para aprovechar la reputaci\u00f3n, marca y prestigio de KURAGO o lo haga de cualquier otra forma que est\u00e9 prohibida por la Ley.<br>4. Desde la p\u00e1gina que incluye el enlace no se podr\u00e1 realizar ning\u00fan tipo de manifestaci\u00f3n falsa o inexacta sobre KURAGO o sobre la calidad de sus productos y servicios;<br>5. El remitente no podr\u00e1 utilizar la marca o cualquier otro signo distintivo de KURAGO dentro de su p\u00e1gina web, salvo en los casos autorizados por la ley o expresamente permitidos por KURAGO;<br>6. la p\u00e1gina que establezca el enlace deber\u00e1 observar la legalidad vigente y no podr\u00e1 disponer o enlazar con contenidos il\u00edcitos, nocivos, contrarios a la moral y a las buenas costumbres, que provoquen o puedan provocar una falsa idea de lo que KURAGO respalda o apoya, las ideas, manifestaciones o actuaciones del remitente o aquellas que resulten inadecuadas en relaci\u00f3n con la actividad desarrollada por KURAGO, teniendo en cuenta el contenido y la tem\u00e1tica general de la p\u00e1gina web en la que se establece el enlace.<\/p>\n\n\n\n<h2 class=\"wp-block-heading\" id=\"efectos-inesperados\">Efectos inesperados<\/h2>\n\n\n\n<p>KURAGO no se responsabiliza de controlar que esta p\u00e1gina web no contenga programas maliciosos o cualquier otro elemento inform\u00e1tico da\u00f1ino. Corresponde al usuario, en todo caso, disponer de herramientas adecuadas para la detecci\u00f3n y desinfecci\u00f3n de estos elementos. En consecuencia, KURAGO no se responsabiliza de los da\u00f1os producidos en los equipos inform\u00e1ticos durante el acceso a este sitio web. Asimismo, KURAGO no se responsabiliza de los da\u00f1os producidos a los usuarios cuando dichos da\u00f1os tengan su origen en fallos o desconexiones en las redes de telecomunicaciones que interrumpan el servicio de este sitio web.<\/p>\n\n\n\n<h2 class=\"wp-block-heading\" id=\"contenidos-de-referencia\">Contenidos de referencia<\/h2>\n\n\n\n<p>Este sitio web puede incluir enlaces que permitan al usuario acceder a otros sitios de Internet. En estos casos, KURAGO s\u00f3lo ser\u00e1 responsable de los contenidos y servicios prestados a trav\u00e9s de los enlaces en cuanto tenga conocimiento de su ilicitud y no los haya desactivado diligentemente. En el caso de que un usuario considere que existe un enlace con contenidos il\u00edcitos o inadecuados, podr\u00e1 indic\u00e1rselo a KURAGO, sin que ello suponga la obligaci\u00f3n de retirar el correspondiente enlace. KURAGO no conoce en todo momento los contenidos y servicios de los enlaces, por lo que no se hace responsable de los da\u00f1os producidos por su falta de calidad, desactualizaci\u00f3n, indisponibilidad, error, inutilidad o ilegalidad y no responde de las manifestaciones realizadas o de los contenidos o servicios prestados a trav\u00e9s de ellos, salvo que sea directamente responsable de la prestaci\u00f3n de dichos servicios.<\/p>\n\n\n\n<h2 class=\"wp-block-heading\" id=\"incumplimiento\">Incumplimiento<\/h2>\n\n\n\n<p>El usuario se compromete a hacer un uso correcto de este sitio web de conformidad con la Ley, el presente Aviso Legal y las dem\u00e1s condiciones, reglamentos e instrucciones que resulten de aplicaci\u00f3n. El usuario responder\u00e1 frente a KURAGO y frente a terceros de cualesquiera da\u00f1os y perjuicios que pudieran causarse como consecuencia del incumplimiento de dichas obligaciones.<\/p>\n\n\n\n<h2 class=\"wp-block-heading\" id=\"legislacion\">Legislaci\u00f3n<\/h2>\n\n\n\n<p>El presente Aviso Legal se rige \u00edntegramente por la legislaci\u00f3n espa\u00f1ola. Para la resoluci\u00f3n de cualquier conflicto relativo a la interpretaci\u00f3n o aplicaci\u00f3n del presente Aviso Legal, el usuario se somete expresamente a la jurisdicci\u00f3n de los juzgados y tribunales donde KURAGO tiene su sede.<\/p>\n<\/div><\/div>\n\n<\/div><\/section>","protected":false},"excerpt":{"rendered":"<p>Nota Legal Propiedad Este sitio web es propiedad de Kurago Software, S.L. (KURAGO). \u2013 Inscrita en el Registro Mercantil de Bizkaia, al Tomo 5876, Folio 189, Hoja B1-74045.\u2013 N\u00famero de identificaci\u00f3n fiscal (NIF) B95970786.\u2013 Domicilio social: Alameda Urquijo 4, 1-1 | 48008 BILBAO (ESPA\u00d1A)\u2013 Direcci\u00f3n de correo electr\u00f3nico: info@kurago.software\u2013 Tel\u00e9fono: +34 94 60 50 400&#8230;<\/p>\n","protected":false},"author":1,"featured_media":0,"parent":0,"menu_order":0,"comment_status":"open","ping_status":"open","template":"","meta":{"_eb_attr":"","_gspb_post_css":"","_kad_blocks_custom_css":"","_kad_blocks_head_custom_js":"","_kad_blocks_body_custom_js":"","_kad_blocks_footer_custom_js":"","_kad_post_transparent":"","_kad_post_title":"","_kad_post_layout":"","_kad_post_sidebar_id":"","_kad_post_content_style":"","_kad_post_vertical_padding":"","_kad_post_feature":"","_kad_post_feature_position":"","_kad_post_header":false,"_kad_post_footer":false,"footnotes":""},"taxonomy_info":[],"featured_image_src_large":false,"author_info":{"display_name":"Kurago","author_link":"https:\/\/kurago.software\/es\/blog\/author\/admin-miguel\/"},"comment_info":0,"_links":{"self":[{"href":"https:\/\/kurago.software\/es\/wp-json\/wp\/v2\/pages\/9015"}],"collection":[{"href":"https:\/\/kurago.software\/es\/wp-json\/wp\/v2\/pages"}],"about":[{"href":"https:\/\/kurago.software\/es\/wp-json\/wp\/v2\/types\/page"}],"author":[{"embeddable":true,"href":"https:\/\/kurago.software\/es\/wp-json\/wp\/v2\/users\/1"}],"replies":[{"embeddable":true,"href":"https:\/\/kurago.software\/es\/wp-json\/wp\/v2\/comments?post=9015"}],"version-history":[{"count":0,"href":"https:\/\/kurago.software\/es\/wp-json\/wp\/v2\/pages\/9015\/revisions"}],"wp:attachment":[{"href":"https:\/\/kurago.software\/es\/wp-json\/wp\/v2\/media?parent=9015"}],"curies":[{"name":"wp","href":"https:\/\/api.w.org\/{rel}","templated":true}]}}